{"id":18,"date":"2025-01-08T21:40:52","date_gmt":"2025-01-08T21:40:52","guid":{"rendered":"https:\/\/infoextranjeriazaragoza.es\/?page_id=18"},"modified":"2025-02-06T16:25:44","modified_gmt":"2025-02-06T16:25:44","slug":"politica-cookies","status":"publish","type":"page","link":"https:\/\/infoextranjeriazaragoza.es\/index.php\/politica-cookies\/","title":{"rendered":"Cookies"},"content":{"rendered":"\n<h1 class=\"wp-block-heading has-accent-color has-text-color has-link-color wp-elements-9f9339282ec8046900a7c89d3374985b\">Pol\u00edtica de cookies<\/h1>\n\n\n\n<h2 class=\"wp-block-heading has-accent-color has-text-color has-link-color wp-elements-401d2c5f432da4bb9bc349b2e7fcbae7\">\u00bfQu\u00e9 son las cookies?<\/h2>\n\n\n\n<p>Una cookie es un peque\u00f1o fragmento de texto que los sitios web que visita env\u00edan al navegador y que permite que el sitio web recuerde informaci\u00f3n sobre su visita, como su idioma preferido y otras opciones, con el fin de facilitar su pr\u00f3xima visita y hacer que el sitio le resulte m\u00e1s \u00fatil. Las cookies desempe\u00f1an un papel muy importante y contribuyen a tener una mejor experiencia de navegaci\u00f3n para el usuario.<\/p>\n\n\n\n<h2 class=\"wp-block-heading has-accent-color has-text-color has-link-color wp-elements-108acb2257baa68f56adb44f5f715757\">Tipos de cookies<\/h2>\n\n\n\n<p>Seg\u00fan qui\u00e9n sea la entidad que gestione el dominio desde d\u00f3nde se env\u00edan las cookies y se traten los datos que se obtengan, se pueden distinguir dos tipos: cookies propias y cookies de terceros. Existe tambi\u00e9n una segunda clasificaci\u00f3n seg\u00fan el plazo de tiempo que permanecen almacenadas en el navegador del cliente, pudiendo tratarse de cookies de sesi\u00f3n o cookies persistentes.<\/p>\n\n\n\n<p><br>Por \u00faltimo, existe otra clasificaci\u00f3n con cinco tipos de cookies seg\u00fan la finalidad para la que se traten los datos obtenidos: cookies t\u00e9cnicas, cookies de personalizaci\u00f3n, cookies de an\u00e1lisis, cookies publicitarias y cookies de publicidad comportamental.<\/p>\n\n\n\n<h2 class=\"wp-block-heading has-accent-color has-text-color has-link-color wp-elements-05eea9051a0b13bed959eb6874862921\">Cookies utilizadas en la web<\/h2>\n\n\n\n<p>Esta p\u00e1gina web usa cookies. Las cookies de este sitio web se usan para personalizar el contenido y los anuncios, ofrecer funciones de redes sociales y analizar el tr\u00e1fico. Adem\u00e1s, compartimos informaci\u00f3n sobre el uso que haga del sitio web con nuestros partners de redes sociales, publicidad y an\u00e1lisis web, quienes pueden combinarla con otra informaci\u00f3n que les haya proporcionado o que hayan recopilado a partir del uso que haya hecho de sus servicios.<\/p>\n\n\n\n<p><br>Las cookies son peque\u00f1os archivos de texto que las p\u00e1ginas web pueden utilizar para hacer m\u00e1s eficiente la experiencia del usuario. <br>La ley afirma que podemos almacenar cookies en su dispositivo si son estrictamente necesarias para el funcionamiento de esta p\u00e1gina. Para todos los dem\u00e1s tipos de cookies necesitamos su permiso.<\/p>\n\n\n\n<p><br>Esta p\u00e1gina utiliza tipos diferentes de cookies. Algunas cookies son colocadas por servicios de terceros que aparecen en nuestras p\u00e1ginas.<br>En cualquier momento puede cambiar o retirar su consentimiento desde la Declaraci\u00f3n de cookies en nuestro sitio web.<\/p>\n\n\n\n<p><br>Obtenga m\u00e1s informaci\u00f3n sobre qui\u00e9nes somos, c\u00f3mo puede contactarnos y c\u00f3mo procesamos los datos personales en nuestra Pol\u00edtica de privacidad. Al contactarnos respecto a su consentimiento, por favor, indique el ID y la fecha de su consentimiento.<br>Su consentimiento se aplica a los siguientes dominios: infoextranjeriazaragoza.es<\/p>\n\n\n\n<h2 class=\"wp-block-heading has-accent-color has-text-color has-link-color wp-elements-cd10ebb9ce6c241da46296d1940e9633\">C\u00f3mo modificar la configuraci\u00f3n de las cookies<\/h2>\n\n\n\n<p>Usted puede restringir, bloquear o borrar las cookies de esta p\u00e1gina web cualquier otra p\u00e1gina web utilizando su navegador.<br>Puede restringir, bloquear o borrar las cookies de cualquier p\u00e1gina web a trav\u00e9s de navegador. La operativa por los navegadores m\u00e1s utilizados la puede encontrar en los siguientes enlaces:<\/p>\n\n\n\n<ul class=\"wp-block-list\">\n<li>Firefox:&nbsp;http:\/\/support.mozilla.org\/es\/home<\/li>\n\n\n\n<li>Safari:&nbsp;http:\/\/support.apple.com\/kb\/HT1677?viewloc ale=es_ES<\/li>\n\n\n\n<li>Opera:&nbsp;http:\/\/help.opera.com\/Windows\/8.54\/es-ES\/index.html<\/li>\n\n\n\n<li>Chrome:&nbsp;https:\/\/support.google.com\/chrome\/?hl=es Chrome<\/li>\n<\/ul>\n\n\n\n<h2 class=\"wp-block-heading has-accent-color has-text-color has-link-color wp-elements-80bb4fd33d1bb5c6f697cb146ed352d5\">Aceptaci\u00f3n de la pol\u00edtica de cookies<\/h2>\n\n\n\n<p>Pulsando el bot\u00f3n Acepto la pol\u00edtica de privacidad se asume que usted acepta el uso de cookies<\/p>\n","protected":false},"excerpt":{"rendered":"<p>Pol\u00edtica de cookies \u00bfQu\u00e9 son las cookies? Una cookie es un peque\u00f1o fragmento de texto que los sitios web que visita env\u00edan al navegador y que permite que el sitio web recuerde informaci\u00f3n sobre su visita, como su idioma preferido y otras opciones, con el fin de facilitar su pr\u00f3xima visita y hacer que el &#8230; <a title=\"Cookies\" class=\"read-more\" href=\"https:\/\/infoextranjeriazaragoza.es\/index.php\/politica-cookies\/\" aria-label=\"Leer m\u00e1s sobre Cookies\">Leer m\u00e1s<\/a><\/p>\n","protected":false},"author":1,"featured_media":0,"parent":0,"menu_order":0,"comment_status":"closed","ping_status":"closed","template":"","meta":{"footnotes":""},"class_list":["post-18","page","type-page","status-publish"],"_links":{"self":[{"href":"https:\/\/infoextranjeriazaragoza.es\/index.php\/wp-json\/wp\/v2\/pages\/18","targetHints":{"allow":["GET"]}}],"collection":[{"href":"https:\/\/infoextranjeriazaragoza.es\/index.php\/wp-json\/wp\/v2\/pages"}],"about":[{"href":"https:\/\/infoextranjeriazaragoza.es\/index.php\/wp-json\/wp\/v2\/types\/page"}],"author":[{"embeddable":true,"href":"https:\/\/infoextranjeriazaragoza.es\/index.php\/wp-json\/wp\/v2\/users\/1"}],"replies":[{"embeddable":true,"href":"https:\/\/infoextranjeriazaragoza.es\/index.php\/wp-json\/wp\/v2\/comments?post=18"}],"version-history":[{"count":3,"href":"https:\/\/infoextranjeriazaragoza.es\/index.php\/wp-json\/wp\/v2\/pages\/18\/revisions"}],"predecessor-version":[{"id":95,"href":"https:\/\/infoextranjeriazaragoza.es\/index.php\/wp-json\/wp\/v2\/pages\/18\/revisions\/95"}],"wp:attachment":[{"href":"https:\/\/infoextranjeriazaragoza.es\/index.php\/wp-json\/wp\/v2\/media?parent=18"}],"curies":[{"name":"wp","href":"https:\/\/api.w.org\/{rel}","templated":true}]}}