{"id":25,"date":"2025-01-08T21:44:39","date_gmt":"2025-01-08T21:44:39","guid":{"rendered":"https:\/\/infoextranjeriazaragoza.es\/?page_id=25"},"modified":"2026-04-20T12:26:35","modified_gmt":"2026-04-20T12:26:35","slug":"sobre-nosotros","status":"publish","type":"page","link":"https:\/\/infoextranjeriazaragoza.es\/index.php\/sobre-nosotros\/","title":{"rendered":"Nosotros"},"content":{"rendered":"\n<h1 class=\"wp-block-heading has-text-align-center has-accent-color has-text-color has-link-color wp-elements-9ec7ee172a14f84a407ff9ed16d97559\">Sobre nosotros<\/h1>\n\n\n\n<h2 class=\"wp-block-heading has-text-align-center has-accent-color has-text-color has-link-color wp-elements-899bd819f250e9298a2384e6812b123d\">Alina Manuela Sasu<\/h2>\n\n\n\n<h2 class=\"wp-block-heading has-text-align-center has-accent-color has-text-color has-link-color wp-elements-ee201b960438b84c282e074ffb0a4822\">Art\u00edculos en prensa<\/h2>\n\n\n\n<figure class=\"wp-block-image alignfull size-large\"><img loading=\"lazy\" decoding=\"async\" width=\"1024\" height=\"461\" src=\"https:\/\/infoextranjeriazaragoza.es\/wp-content\/uploads\/2025\/01\/alina-sasu-abogada-extranjeria-1024x461.jpg\" alt=\"Alina Manuela Sasu\" class=\"wp-image-9\" srcset=\"https:\/\/infoextranjeriazaragoza.es\/wp-content\/uploads\/2025\/01\/alina-sasu-abogada-extranjeria-1024x461.jpg 1024w, https:\/\/infoextranjeriazaragoza.es\/wp-content\/uploads\/2025\/01\/alina-sasu-abogada-extranjeria-300x135.jpg 300w, https:\/\/infoextranjeriazaragoza.es\/wp-content\/uploads\/2025\/01\/alina-sasu-abogada-extranjeria-768x346.jpg 768w, https:\/\/infoextranjeriazaragoza.es\/wp-content\/uploads\/2025\/01\/alina-sasu-abogada-extranjeria.jpg 1536w\" sizes=\"auto, (max-width: 1024px) 100vw, 1024px\" \/><\/figure>\n\n\n\n<p>Alina Manuela Sasu es abogada colegiada en el Ilustre Colegio de Abogados de Zaragoza. Es tambi\u00e9n traductora jurada de espa\u00f1ol rumano y rumano espa\u00f1ol.<\/p>\n\n\n\n<p>Desde 2015, la abogada Alina Manuela Sasu ha ejercido de forma ininterrumpida en Zaragoza, dedic\u00e1ndose en exclusiva al derecho de extranjer\u00eda y nacionalidad. Con una amplia trayectoria y numerosos casos resueltos con \u00e9xito, ofrece un asesoramiento cercano, eficaz y adaptado a las necesidades de cada cliente. Su experiencia y rigor profesional garantizan un <strong>acompa\u00f1amiento completo en todo tipo de tr\u00e1mites<\/strong>: permisos de residencia, reagrupaci\u00f3n familiar, nacionalidad espa\u00f1ola, recursos ante denegaciones y procedimientos administrativos complejos.<\/p>\n\n\n\n<p>Ha desempe\u00f1ado tambi\u00e9n diversos trabajos en el \u00e1mbito de la funci\u00f3n p\u00fablica en Ruman\u00eda, adem\u00e1s de colaborar como traductora en los juzgados y en proyectos financiados por la Uni\u00f3n Europea. Actualmente desarrolla su actividad profesional como <strong>abogado de extranjer\u00eda en Zaragoza<\/strong> adem\u00e1s de como traductor jurado de espa\u00f1ol a rumano y rumano a espa\u00f1ol.<\/p>\n\n\n\n<p>A continuaci\u00f3n os dejamos unos art\u00edculos en la prensa espa\u00f1ola y rumana en los que aparece<\/p>\n\n\n\n<p>Divorcio en Espa\u00f1a. Pincha <a href=\"https:\/\/occidentul-romanesc.com\/alina-manuela-sasu-divortul-in-spania\/\" target=\"_blank\" rel=\"noreferrer noopener\">aqu\u00ed<\/a><\/p>\n\n\n\n<p>Art\u00edculo sobre inversiones en Ruman\u00eda. Pincha <a href=\"https:\/\/occidentul-romanesc.com\/invertir-en-rumania\/\" target=\"_blank\" rel=\"noreferrer noopener\">aqu\u00ed<\/a><\/p>\n\n\n\n<p>Proyectos europeos para rumanos. Pincha <a href=\"https:\/\/www.heraldo.es\/noticias\/aragon\/2017\/11\/16\/sentimos-que-llegado-momento-volver-casa-rumania-1208162-300.html\" target=\"_blank\" rel=\"noreferrer noopener\">aqu\u00ed<\/a><\/p>\n\n\n\n<p>Art\u00edculo sobre la violencia de g\u00e9nero. Pincha <a href=\"https:\/\/occidentul-romanesc.com\/la-primul-semnal-de-abuz-suna-la-016\/\" target=\"_blank\" rel=\"noreferrer noopener\">aqu\u00ed<\/a><\/p>\n\n\n\n<p>Entrevista en Arag\u00f3n Tv sobre la regularizaci\u00f3n masiva. Del minuto 6:11 al 8:42. Pincha <a href=\"https:\/\/alacarta.aragontelevision.es\/informativos\/buenos-dias-aragon-20042026-0800\" target=\"_blank\" rel=\"noreferrer noopener nofollow\">aqu\u00ed<\/a><\/p>\n","protected":false},"excerpt":{"rendered":"<p>Sobre nosotros Alina Manuela Sasu Art\u00edculos en prensa Alina Manuela Sasu es abogada colegiada en el Ilustre Colegio de Abogados de Zaragoza. Es tambi\u00e9n traductora jurada de espa\u00f1ol rumano y rumano espa\u00f1ol. Desde 2015, la abogada Alina Manuela Sasu ha ejercido de forma ininterrumpida en Zaragoza, dedic\u00e1ndose en exclusiva al derecho de extranjer\u00eda y nacionalidad. &#8230; <a title=\"Nosotros\" class=\"read-more\" href=\"https:\/\/infoextranjeriazaragoza.es\/index.php\/sobre-nosotros\/\" aria-label=\"Leer m\u00e1s sobre Nosotros\">Leer m\u00e1s<\/a><\/p>\n","protected":false},"author":1,"featured_media":0,"parent":0,"menu_order":0,"comment_status":"closed","ping_status":"closed","template":"","meta":{"footnotes":""},"class_list":["post-25","page","type-page","status-publish"],"_links":{"self":[{"href":"https:\/\/infoextranjeriazaragoza.es\/index.php\/wp-json\/wp\/v2\/pages\/25","targetHints":{"allow":["GET"]}}],"collection":[{"href":"https:\/\/infoextranjeriazaragoza.es\/index.php\/wp-json\/wp\/v2\/pages"}],"about":[{"href":"https:\/\/infoextranjeriazaragoza.es\/index.php\/wp-json\/wp\/v2\/types\/page"}],"author":[{"embeddable":true,"href":"https:\/\/infoextranjeriazaragoza.es\/index.php\/wp-json\/wp\/v2\/users\/1"}],"replies":[{"embeddable":true,"href":"https:\/\/infoextranjeriazaragoza.es\/index.php\/wp-json\/wp\/v2\/comments?post=25"}],"version-history":[{"count":7,"href":"https:\/\/infoextranjeriazaragoza.es\/index.php\/wp-json\/wp\/v2\/pages\/25\/revisions"}],"predecessor-version":[{"id":598,"href":"https:\/\/infoextranjeriazaragoza.es\/index.php\/wp-json\/wp\/v2\/pages\/25\/revisions\/598"}],"wp:attachment":[{"href":"https:\/\/infoextranjeriazaragoza.es\/index.php\/wp-json\/wp\/v2\/media?parent=25"}],"curies":[{"name":"wp","href":"https:\/\/api.w.org\/{rel}","templated":true}]}}