{"id":3,"date":"2023-01-25T12:32:10","date_gmt":"2023-01-25T12:32:10","guid":{"rendered":"https:\/\/infoextranjeriazaragoza.es\/?page_id=3"},"modified":"2025-09-26T04:42:32","modified_gmt":"2025-09-26T04:42:32","slug":"politica-privacidad","status":"publish","type":"page","link":"https:\/\/infoextranjeriazaragoza.es\/index.php\/politica-privacidad\/","title":{"rendered":"Pol\u00edtica de privacidad"},"content":{"rendered":"\n<p>ABOGADA ALINA MANUELA SASU titular de la p\u00e1gina&nbsp;www.infoextranjeriazaragoza.es&nbsp;, informa a los usuarios del mismo, que ABOGADA ALINA MANUELA SASU, en adelante INFOEXTRAJERIAZARAGOZA, es responsable de los tratamientos que se realicen mediante est\u00e1 p\u00e1gina web, salvo que otra cosa se informe en el tratamiento de que se trate. <\/p>\n\n\n\n<p>Sus datos personales son Alina Manuela Sasu, domiciliada en Jos\u00e9 Luis Albareda 7, 4 1 A,50004 Zaragoza, con correo electr\u00f3nico alinasasu@reicaz.com, y tel\u00e9fono 606 01 20 96 .<br>ABOGADA ALINA MANUELA SASU respeta la legislaci\u00f3n vigente en materia de protecci\u00f3n de datos personales, la privacidad de los usuarios y el secreto y seguridad de los datos personales, de conformidad con lo establecido en la legislaci\u00f3n aplicable en materia de protecci\u00f3n de datos, en concreto, el Reglamento 2016\/679 del Parlamento Europeo y del Consejo de 27 de abril de 2016, adoptando para ello las medidas t\u00e9cnicas y organizativas necesarias para evitar la p\u00e9rdida, mal uso, alteraci\u00f3n, acceso no autorizado y robo de los datos personales facilitados, habida cuenta del estado de la tecnolog\u00eda, la naturaleza de los datos y los riesgos a los que est\u00e1n expuestos.<\/p>\n\n\n\n<p><br>En concreto, se informa a los usuarios del portal que sus datos de car\u00e1cter personal s\u00f3lo podr\u00e1n obtenerse para su tratamiento cuando sean adecuados, pertinentes y no excesivos en relaci\u00f3n<br>con el \u00e1mbito y las finalidades determinadas, expl\u00edcitas y leg\u00edtimas para las que se hayan obtenido.<\/p>\n\n\n\n<h2 class=\"wp-block-heading has-text-align-center has-accent-color has-text-color has-link-color wp-elements-27d97df4706ae7f9d82797c81562fa65\">Finalidad<\/h2>\n\n\n\n<p>Los datos personales del usuario de este Sitio Web, se tratar\u00e1n para las siguientes finalidades:<br>Atender las solicitudes de informaci\u00f3n y\/o consultas efectuadas por el Usuario. Los datos tratados con esta finalidad se conservar\u00e1n hasta haber dado respuesta a la solicitud de informaci\u00f3n y\/o consulta.<br>Mantener informado al Usuario, incluso por medios electr\u00f3nicos, acerca de los productos, servicios y novedades de INFOEXTRANJERIAZARAGOZA. Los datos tratados con esta finalidad se conservar\u00e1n hasta que el Usuario retire su consentimiento dado para la recepci\u00f3n de dichas comunicaciones. <\/p>\n\n\n\n<p>Si el Usuario no consiente el tratamiento de sus datos con esta finalidad, deber\u00e1 marcar la casilla habilitada a tal efecto en el Sitio Web. Posibilitar la participaci\u00f3n del Usuario en las actividades propuestas en el Sitio Web, as\u00ed como la descarga de contenidos gratuitos ofrecidos en el mismo.<\/p>\n\n\n\n<p>En este caso, INFOEXTRANJERIAZARAGOZA tambi\u00e9n utilizar\u00e1 los datos del Usuario para mantenerle informado, incluso por medios electr\u00f3nicos, sobre los productos, servicios y novedades de INFOEXTRANJERIAZARAGOZA tambi\u00e9n utilizar\u00e1 los datos del Usuario para mantenerle informado, incluso por medios electr\u00f3nicos sobre los productos , servicios y novedades de INFOEXTRANJERIAZARAGOZA y los de terceras empresas exclusivamente pertenecientes a los sectores jur\u00eddicos , de mark\u00e9ting, y d servicios de traducci\u00f3n.<\/p>\n\n\n\n<p>De igual modo, INFOEXTRANJERIAZARAGOZA, podr\u00e1 comunicar los datos personales del Usuario a terceras empresas pertenecientes a los sectores de actividad antes indicados , con el fin de que \u00e9stas puedan remitirle comunicaciones comerciales, incluso por medios electr\u00f3nicos, relativas a sus productos, servicios y novedades.<\/p>\n\n\n\n<p>Los datos tratados con esta finalidad se conservar\u00e1n hasta que el Usuario revoque su consentimiento. El usuario sabe y acepta que la participaci\u00f3n en las actividades propuestas y\/o la descarga de los contenidos gratuitos ofrecidos en el Sitio Web est\u00e1n obligatoriamente condicionadas a la plena aceptaci\u00f3n inicial de toda la finalidad antes indicada.<\/p>\n\n\n\n<p>En caso de no aceptar tal condici\u00f3n, el Usuario debe abstenerse de participar en las actividades propuestas y\/o descargar los contenidos gratuitos ofrecidos en el Sitio Web.<\/p>\n\n\n\n<h2 class=\"wp-block-heading has-text-align-center has-accent-color has-text-color has-link-color wp-elements-c2f8bfedf9e90cd66aecedc281745e57\">Legitimaci\u00f3n<\/h2>\n\n\n\n<p>La base jur\u00eddica para llevar a cabo los tratamientos de datos especificados en el apartado anterior es el consentimiento del interesado.<\/p>\n\n\n\n<h2 class=\"wp-block-heading has-text-align-center has-accent-color has-text-color has-link-color wp-elements-21b68c46a977c643e2f8552f1a0cfd4c\">Destinatarios<\/h2>\n\n\n\n<p>De conformidad con lo dispuesto en el punto indicado con anterioridad, los datos del usuario podr\u00e1n ser comunicados a empresas pertenecientes a los sectores de actividad especificados.<\/p>\n\n\n\n<h2 class=\"wp-block-heading has-text-align-center has-accent-color has-text-color has-link-color wp-elements-5e6c0a423c912959a1a2d9547f6af146\">Derechos<\/h2>\n\n\n\n<p>El Usuario puede ejercer ante INFOEXTRANJERIAZARAGOZA sus derechos de acceso; rectificaci\u00f3n ,supresi\u00f3n ; limitaci\u00f3n del tratamiento; portabilidad de los datos; oposici\u00f3n y a no ser objeto de decisiones individuales automatizadas, incluida la elaboraci\u00f3n de perfiles.<\/p>\n\n\n\n<p>De igual modo, en los tratamientos de los datos del Usuario cuya legitimaci\u00f3n se base en el consentimiento dado por el Usuario, \u00e9ste tiene el derecho a retirar dicho consentimiento en cualquier momento, sin que ello afecte a la licitud del tratamiento basado en el consentimiento<br>previo a su retirada.<\/p>\n\n\n\n<p><br>Para el ejercicio de tales derechos el usuario puede enviar su solicitud a Jos\u00e9 Luis Albareda 7,4,1\u00baA C,50004 Zaragoza, o a la direcci\u00f3n de correo electr\u00f3nico alinasasu@reicaz.com.En todo caso, el Usuario tiene derecho a presentar una reclamaci\u00f3n ante la correspondiente autoridad de control si lo estima oportuno.<\/p>\n","protected":false},"excerpt":{"rendered":"<p>ABOGADA ALINA MANUELA SASU titular de la p\u00e1gina&nbsp;www.infoextranjeriazaragoza.es&nbsp;, informa a los usuarios del mismo, que ABOGADA ALINA MANUELA SASU, en adelante INFOEXTRAJERIAZARAGOZA, es responsable de los tratamientos que se realicen mediante est\u00e1 p\u00e1gina web, salvo que otra cosa se informe en el tratamiento de que se trate. Sus datos personales son Alina Manuela Sasu, domiciliada &#8230; <a title=\"Pol\u00edtica de privacidad\" class=\"read-more\" href=\"https:\/\/infoextranjeriazaragoza.es\/index.php\/politica-privacidad\/\" aria-label=\"Leer m\u00e1s sobre Pol\u00edtica de privacidad\">Leer m\u00e1s<\/a><\/p>\n","protected":false},"author":1,"featured_media":0,"parent":0,"menu_order":0,"comment_status":"closed","ping_status":"open","template":"","meta":{"footnotes":""},"class_list":["post-3","page","type-page","status-publish"],"_links":{"self":[{"href":"https:\/\/infoextranjeriazaragoza.es\/index.php\/wp-json\/wp\/v2\/pages\/3","targetHints":{"allow":["GET"]}}],"collection":[{"href":"https:\/\/infoextranjeriazaragoza.es\/index.php\/wp-json\/wp\/v2\/pages"}],"about":[{"href":"https:\/\/infoextranjeriazaragoza.es\/index.php\/wp-json\/wp\/v2\/types\/page"}],"author":[{"embeddable":true,"href":"https:\/\/infoextranjeriazaragoza.es\/index.php\/wp-json\/wp\/v2\/users\/1"}],"replies":[{"embeddable":true,"href":"https:\/\/infoextranjeriazaragoza.es\/index.php\/wp-json\/wp\/v2\/comments?post=3"}],"version-history":[{"count":6,"href":"https:\/\/infoextranjeriazaragoza.es\/index.php\/wp-json\/wp\/v2\/pages\/3\/revisions"}],"predecessor-version":[{"id":516,"href":"https:\/\/infoextranjeriazaragoza.es\/index.php\/wp-json\/wp\/v2\/pages\/3\/revisions\/516"}],"wp:attachment":[{"href":"https:\/\/infoextranjeriazaragoza.es\/index.php\/wp-json\/wp\/v2\/media?parent=3"}],"curies":[{"name":"wp","href":"https:\/\/api.w.org\/{rel}","templated":true}]}}