{"id":30,"date":"2025-01-09T07:03:56","date_gmt":"2025-01-09T07:03:56","guid":{"rendered":"https:\/\/infoextranjeriazaragoza.es\/?page_id=30"},"modified":"2025-09-25T09:25:13","modified_gmt":"2025-09-25T09:25:13","slug":"custodie","status":"publish","type":"page","link":"https:\/\/infoextranjeriazaragoza.es\/index.php\/custodie\/","title":{"rendered":"Custodie"},"content":{"rendered":"\n<h1 class=\"wp-block-heading has-text-align-center has-accent-color has-text-color has-link-color has-medium-font-size wp-elements-383d912c93d94ad1e807dbbca20e09b1\">Contribu\u021bia fiec\u0103rui p\u0103rinte pentru satisfacerea alimentelor necesare<\/h1>\n\n\n\n<h2 class=\"wp-block-heading has-text-align-center has-accent-color has-text-color has-link-color has-medium-font-size wp-elements-9bf567c393a3697ec7d711d7bafbf5bf\">Tutela \u0219i custodia<\/h2>\n\n\n\n<div class=\"wp-block-columns is-layout-flex wp-container-core-columns-is-layout-9d6595d7 wp-block-columns-is-layout-flex\">\n<div class=\"wp-block-column is-layout-flow wp-block-column-is-layout-flow\">\n<div class=\"wp-block-columns is-layout-flex wp-container-core-columns-is-layout-9d6595d7 wp-block-columns-is-layout-flex\">\n<div class=\"wp-block-column is-layout-flow wp-block-column-is-layout-flow\"><div class=\"su-box su-box-style-default\" id=\"\" style=\"border-color:#0056bc;border-radius:15px;max-width:none\"><div class=\"su-box-title\" style=\"background-color:#2D89EF;color:#FFFFFF;border-top-left-radius:13px;border-top-right-radius:13px\"><\/div><div class=\"su-box-content su-u-clearfix su-u-trim\" style=\"border-bottom-left-radius:13px;border-bottom-right-radius:13px\">Separarea, nulitatea \u0219i divortul, nu scutesc p\u0103rin\u021bii de obliga\u021biile \u00een ceea ce prive\u0219te copii.<\/p>\n<p>P\u0103rin\u021bii trebuie s\u0103 decid\u0103 dac\u0103 tutela \u0219i custodia vor fi exercitate doar de unul dintre p\u0103rin\u021bi sau de ambii \u00een mod legal, custodie comuna, cum se va rela\u021biona cu p\u0103rintele care nu locuie\u0219te cu el, \u00eentotdeauna\u00a0av\u00e2nd \u00een vedere interesul copilului.<br \/>\nJudec\u0103torul, \u00eenainte de a adopta oricare dintre decizii, din oficiu sau la solicitarea uneia dintre p\u0103r\u021bi, poate solicita avizul speciali\u0219tilor calificati cu privire la adecvarea modului de exercitare a autorit\u0103\u021bii p\u0103rinte\u0219ti \u0219i a regimului de\u00a0custodie a minorilor.<br \/>\n\u00cen orice caz, judec\u0103torul va determina contribu\u021bia fiec\u0103rui p\u0103rinte pentru satisfacerea alimentelor necesare \u0219i va lua m\u0103surile adecvate pentru asigurarea eficacit\u0103\u021bii beneficiilor economice \u0219i nevoile copiilor \u00een orice moment.<br \/>\n\u00cen mod excep\u021bional, copii pot fi \u00eencredin\u021ba\u021bi bunicilor, rudelor sau altor persoane \u00een urma consin\u021b\u0103m\u00e2ntului \u0219i, \u00een caz contrar, unei institu\u021bii adecvate, acord\u00e2ndu-le autoritatea tutelar\u0103 care va fi exercitat\u0103 sub autoritatea judec\u0103torului.<br \/>\nFoarte important de men\u021bionat faptul c\u0103, toate hot\u0103r\u00e2rile str\u0103ine trebuie recunoscute \u00een Rom\u00e2nia.<\/div><\/div>\n<\/div>\n\n\n\n<div class=\"wp-block-column is-layout-flow wp-block-column-is-layout-flow\">\n<figure class=\"wp-block-image size-large\"><img loading=\"lazy\" decoding=\"async\" width=\"1024\" height=\"683\" src=\"https:\/\/infoextranjeriazaragoza.es\/wp-content\/uploads\/2025\/01\/custodie-1024x683.jpg\" alt=\"Custodie\" class=\"wp-image-114\" srcset=\"https:\/\/infoextranjeriazaragoza.es\/wp-content\/uploads\/2025\/01\/custodie-1024x683.jpg 1024w, https:\/\/infoextranjeriazaragoza.es\/wp-content\/uploads\/2025\/01\/custodie-300x200.jpg 300w, https:\/\/infoextranjeriazaragoza.es\/wp-content\/uploads\/2025\/01\/custodie-768x512.jpg 768w, https:\/\/infoextranjeriazaragoza.es\/wp-content\/uploads\/2025\/01\/custodie-1536x1024.jpg 1536w, https:\/\/infoextranjeriazaragoza.es\/wp-content\/uploads\/2025\/01\/custodie-2048x1366.jpg 2048w\" sizes=\"auto, (max-width: 1024px) 100vw, 1024px\" \/><\/figure>\n<\/div>\n<\/div>\n<\/div>\n<\/div>\n\n\n\n<div class=\"wp-block-columns is-layout-flex wp-container-core-columns-is-layout-9d6595d7 wp-block-columns-is-layout-flex\">\n<div class=\"wp-block-column is-layout-flow wp-block-column-is-layout-flow\">\n<p><\/p>\n<\/div>\n<\/div>\n\n\n\n<p><br><\/p>\n\n\n<div class=\"su-button-center\"><a href=\"https:\/\/infoextranjeriazaragoza.es\/index.php\/contacto\/\" class=\"su-button su-button-style-default\" style=\"color:#FFFFFF;background-color:#2D89EF;border-color:#246ec0;border-radius:11px\" target=\"_self\"><span style=\"color:#FFFFFF;padding:0px 28px;font-size:21px;line-height:42px;border-color:#6cadf4;border-radius:11px;text-shadow:none\"> Completa\u021bi formularul pentru a contacta cu noi.<\/span><\/a><\/div>\n\n\n\n<p><\/p>\n\n\n\n<p class=\"has-text-align-center has-accent-color has-text-color has-link-color wp-elements-fe4965a96dfb7552bf80f6bb15436986\">Sau suna\u021bi-ne f\u0103r\u0103 nici un compromis +34 606 01 20 96<\/p>\n\n\n\n<p><\/p>\n","protected":false},"excerpt":{"rendered":"<p>Contribu\u021bia fiec\u0103rui p\u0103rinte pentru satisfacerea alimentelor necesare Tutela \u0219i custodia Sau suna\u021bi-ne f\u0103r\u0103 nici un compromis +34 606 01 20 96<\/p>\n","protected":false},"author":1,"featured_media":0,"parent":0,"menu_order":0,"comment_status":"closed","ping_status":"closed","template":"","meta":{"footnotes":""},"class_list":["post-30","page","type-page","status-publish"],"_links":{"self":[{"href":"https:\/\/infoextranjeriazaragoza.es\/index.php\/wp-json\/wp\/v2\/pages\/30","targetHints":{"allow":["GET"]}}],"collection":[{"href":"https:\/\/infoextranjeriazaragoza.es\/index.php\/wp-json\/wp\/v2\/pages"}],"about":[{"href":"https:\/\/infoextranjeriazaragoza.es\/index.php\/wp-json\/wp\/v2\/types\/page"}],"author":[{"embeddable":true,"href":"https:\/\/infoextranjeriazaragoza.es\/index.php\/wp-json\/wp\/v2\/users\/1"}],"replies":[{"embeddable":true,"href":"https:\/\/infoextranjeriazaragoza.es\/index.php\/wp-json\/wp\/v2\/comments?post=30"}],"version-history":[{"count":8,"href":"https:\/\/infoextranjeriazaragoza.es\/index.php\/wp-json\/wp\/v2\/pages\/30\/revisions"}],"predecessor-version":[{"id":502,"href":"https:\/\/infoextranjeriazaragoza.es\/index.php\/wp-json\/wp\/v2\/pages\/30\/revisions\/502"}],"wp:attachment":[{"href":"https:\/\/infoextranjeriazaragoza.es\/index.php\/wp-json\/wp\/v2\/media?parent=30"}],"curies":[{"name":"wp","href":"https:\/\/api.w.org\/{rel}","templated":true}]}}