{"id":33,"date":"2025-01-09T07:11:04","date_gmt":"2025-01-09T07:11:04","guid":{"rendered":"https:\/\/infoextranjeriazaragoza.es\/?page_id=33"},"modified":"2025-09-26T07:26:33","modified_gmt":"2025-09-26T07:26:33","slug":"nacionalidad-faq","status":"publish","type":"page","link":"https:\/\/infoextranjeriazaragoza.es\/index.php\/nacionalidad-faq\/","title":{"rendered":"Preguntas habituales"},"content":{"rendered":"\n<h2 class=\"wp-block-heading has-text-align-center has-accent-color has-text-color has-link-color wp-elements-49a39136f302b60b22e4ede88ae2a43c\">Pedir la nacionalidad espa\u00f1ola<\/h2>\n\n\n\n<h2 class=\"wp-block-heading has-text-align-center has-accent-color has-text-color has-link-color has-medium-font-size wp-elements-9acf9635287b74c89eff98b89857abc6\">Las preguntas m\u00e1s habituales sobre la nacionalidad espa\u00f1ola<\/h2>\n\n\n\n<p>Tras mucho tiempo de pensarlo, hemos decidido que vamos a pedir la nacionalidad espa\u00f1ola. Nos ponemos manos a la obra, y r\u00e1pidamente, nos surgen algunas preguntas. En&nbsp;infoextranjeriazaragoza.es&nbsp;<strong>vamos a responder a todas tus dudas<\/strong>, aclarando todas aquellas que nos puedan surgir en el proceso, desde el tiempo que se tarda, los pagos que implica, o la situaci\u00f3n de nuestros hijos.<\/p>\n\n\n\n<p><strong>Quiero pedirla pero,&nbsp;\u00bfqui\u00e9n puede hacerlo?<\/strong>&nbsp;Hay&nbsp;tres grupos&nbsp;de personas<strong> <\/strong>que pueden optar a la nacionalidad espa\u00f1ola, pudiendo hacerla por&nbsp;opci\u00f3n, carta de naturaleza o por residencia, siendo \u00e9sta \u00faltima la m\u00e1s normal. El per\u00edodo m\u00e1s habitual para poder solicitarla es de diez a\u00f1os, aunque el plazo puede ser menor en funci\u00f3n de las circunstancias de cada caso, oscilando \u00e9sta entre uno y cinco a\u00f1os.<\/p>\n\n\n\n<div class=\"wp-block-columns is-layout-flex wp-container-core-columns-is-layout-9d6595d7 wp-block-columns-is-layout-flex\">\n<div class=\"wp-block-column is-layout-flow wp-block-column-is-layout-flow\">\n<figure class=\"wp-block-image size-full\"><img loading=\"lazy\" decoding=\"async\" width=\"445\" height=\"450\" src=\"https:\/\/infoextranjeriazaragoza.es\/wp-content\/uploads\/2025\/01\/mapamundi-banderas-1.jpg\" alt=\"Mapamundi de banderas\" class=\"wp-image-56\" srcset=\"https:\/\/infoextranjeriazaragoza.es\/wp-content\/uploads\/2025\/01\/mapamundi-banderas-1.jpg 445w, https:\/\/infoextranjeriazaragoza.es\/wp-content\/uploads\/2025\/01\/mapamundi-banderas-1-297x300.jpg 297w\" sizes=\"auto, (max-width: 445px) 100vw, 445px\" \/><\/figure>\n<\/div>\n\n\n\n<div class=\"wp-block-column is-layout-flow wp-block-column-is-layout-flow\">\n<div class=\"su-box su-box-style-default\" id=\"\" style=\"border-color:#0056bc;border-radius:15px;max-width:none\"><div class=\"su-box-title\" style=\"background-color:#2D89EF;color:#FFFFFF;border-top-left-radius:13px;border-top-right-radius:13px\"><\/div><div class=\"su-box-content su-u-clearfix su-u-trim\" style=\"border-bottom-left-radius:13px;border-bottom-right-radius:13px\"><strong>\u00bfCu\u00e1nto tiempo tardar\u00e9 en obtener la nacionalidad espa\u00f1ola?<\/strong>\u00a0En caso de ser obtenida, el plazo no deber\u00eda de ir <strong>m\u00e1s all\u00e1 de\u00a0un a\u00f1o<\/strong>\u00a0desde que se inician los tr\u00e1mites, si bien, actualmente est\u00e1 habiendo bastantes problemas burocr\u00e1ticos que hacen que los procedimientos se ralenticen.<\/p>\n\n\n\n<p>Ya he obtenido mi nacionalidad espa\u00f1ola,&nbsp;<strong>\u00bfpuedo conservar tambi\u00e9n mi antigua nacionalidad?<\/strong>&nbsp;Salvo que pertenezcas a un pa\u00eds iberoamericano o a Portugal, Andorra, Guinea Ecuatorial o Filipinas, deber\u00e1s de&nbsp;renunciar a tu nacionalidad de origen&nbsp;para poder obtener la nacionalidad espa\u00f1ola.<\/p>\n\n\n\n<p><strong>\u00bfTengo que pagar alguna tasa?<\/strong>&nbsp;Hasta octubre de 2015, era un procedimiento gratuito, pero a partir de esa fecha debe de abonarse una <strong>tasa de&nbsp;103,02<\/strong>&nbsp;euros para iniciar el tr\u00e1mite, adem\u00e1s de otra de&nbsp;85&nbsp;euros para realizar una prueba de conocimientos sociales y culturales.<\/p>\n\n\n\n<p>Si adem\u00e1s, la persona que quiere adquirir la nacionalidad no pertenece a ning\u00fan pa\u00eds castellano hablante, deber\u00e1 de pagar otra tasa de&nbsp;130&nbsp;euros, que le otorga el derecho a realizar una prueba de conocimiento de lengua espa\u00f1ola, que ser\u00e1 valorada por el Instituto Cervantes.<\/p>\n\n\n\n<\/div><\/div>\n<\/div>\n<\/div>\n\n\n\n<p><\/p>\n\n\n\n<p><strong>\u00bfEn qu\u00e9 consiste el examen?<\/strong>&nbsp;El test de nacionalidad es un examen tipo test, en el que los participantes se enfrentan a 25 preguntas, de las que deben acertar, al menos, 15 en un tiempo de 45 minutos. Se trata de preguntas referidas a la&nbsp;legislaci\u00f3n, cultura, o historia&nbsp;espa\u00f1olas,<br>entre otras. El examen de espa\u00f1ol est\u00e1 encaminado a conseguir el <strong>diploma DELE<\/strong> nivel A2 o superior. En el siguiente enlace del Instituto Cervantes se responden a \u00e9stas y otras preguntas, adem\u00e1s de encontrarse desde modelos de examen al temario del mismo.<\/p>\n\n\n\n<p><strong>\u00bfY mis hijos? \u00bfSon espa\u00f1oles o tienen mi antigua nacionalidad?<\/strong>&nbsp;Depende de la&nbsp;edad&nbsp;del hijo, habiendo 3 grupos. Si el hijo es mayor de 18 a\u00f1os,<strong> puede conseguir la nacionalidad por opci\u00f3n<\/strong>.<br>Si tiene entre 14 y 18 a\u00f1os, se necesita el consentimiento tanto de los padres como del menor. Por \u00faltimo, si es menor de 14 a\u00f1os se debe conseguir, en primer lugar, una autorizaci\u00f3n judicial. Una vez conseguida se podr\u00e1 acceder a la nacionalidad, bien por opci\u00f3n o por residencia, siendo recomendable la primera posibilidad por ser un plazo m\u00e1s corto.<\/p>\n\n\n\n<div class=\"su-box su-box-style-default\" id=\"\" style=\"border-color:#0056bc;border-radius:15px;max-width:none\"><div class=\"su-box-title\" style=\"background-color:#2D89EF;color:#FFFFFF;border-top-left-radius:13px;border-top-right-radius:13px\"><\/div><div class=\"su-box-content su-u-clearfix su-u-trim\" style=\"border-bottom-left-radius:13px;border-bottom-right-radius:13px\">Soy rumano y quiero pedir la nacionalidad espa\u00f1ola. \u00bf <strong>Puedo tener acceso a la doble nacionalidad<\/strong>? Se ha especulado mucho sobre la doble nacionalidad para  los rumanos que viven en Espa\u00f1a, y recientemente se han mantenido conversaciones a nivel gubernamental entre las autoridades de ambos pa\u00edses, pero lo cierto es, que actualmente, no es posible tener la doble nacionalidad rumano &#8211; espa\u00f1ola, as\u00ed que, al menos por momento, tocar\u00e1 esperar.<\/p>\n\n\n\n<p>Adem\u00e1s, <strong>Alina Manuela Sasu es especialista<\/strong> y te acompa\u00f1a durante todo el proceso, respondiendo a todas tus preguntas, ayud\u00e1ndote con los tr\u00e1mites para obtener la nacionalidad espa\u00f1ola.Como t\u00fa, somos extranjeros residiendo en Espa\u00f1a, con tus mismos problemas, ilusiones y necesidades. Pide ya tu cita llamando al tel\u00e9fono&nbsp;+34 606 012 096&nbsp;o, si lo prefieres, escr\u00edbenos a la direcci\u00f3n de correo electr\u00f3nico alinasasu@reicaz.com&nbsp;.<\/p>\n\n\n\n<\/div><\/div>\n\n\n<div class=\"su-button-center\"><a href=\"https:\/\/infoextranjeriazaragoza.es\/index.php\/contacto\/\" class=\"su-button su-button-style-default\" style=\"color:#FFFFFF;background-color:#2D89EF;border-color:#246ec0;border-radius:11px\" target=\"_self\"><span style=\"color:#FFFFFF;padding:0px 28px;font-size:21px;line-height:42px;border-color:#6cadf4;border-radius:11px;text-shadow:none\"> Quiero pedir una cita para solicitar la nacionalidad espa\u00f1ola<\/span><\/a><\/div>\n","protected":false},"excerpt":{"rendered":"<p>Pedir la nacionalidad espa\u00f1ola Las preguntas m\u00e1s habituales sobre la nacionalidad espa\u00f1ola Tras mucho tiempo de pensarlo, hemos decidido que vamos a pedir la nacionalidad espa\u00f1ola. Nos ponemos manos a la obra, y r\u00e1pidamente, nos surgen algunas preguntas. En&nbsp;infoextranjeriazaragoza.es&nbsp;vamos a responder a todas tus dudas, aclarando todas aquellas que nos puedan surgir en el proceso, &#8230; <a title=\"Preguntas habituales\" class=\"read-more\" href=\"https:\/\/infoextranjeriazaragoza.es\/index.php\/nacionalidad-faq\/\" aria-label=\"Leer m\u00e1s sobre Preguntas habituales\">Leer m\u00e1s<\/a><\/p>\n","protected":false},"author":1,"featured_media":0,"parent":0,"menu_order":0,"comment_status":"closed","ping_status":"closed","template":"","meta":{"footnotes":""},"class_list":["post-33","page","type-page","status-publish"],"_links":{"self":[{"href":"https:\/\/infoextranjeriazaragoza.es\/index.php\/wp-json\/wp\/v2\/pages\/33","targetHints":{"allow":["GET"]}}],"collection":[{"href":"https:\/\/infoextranjeriazaragoza.es\/index.php\/wp-json\/wp\/v2\/pages"}],"about":[{"href":"https:\/\/infoextranjeriazaragoza.es\/index.php\/wp-json\/wp\/v2\/types\/page"}],"author":[{"embeddable":true,"href":"https:\/\/infoextranjeriazaragoza.es\/index.php\/wp-json\/wp\/v2\/users\/1"}],"replies":[{"embeddable":true,"href":"https:\/\/infoextranjeriazaragoza.es\/index.php\/wp-json\/wp\/v2\/comments?post=33"}],"version-history":[{"count":8,"href":"https:\/\/infoextranjeriazaragoza.es\/index.php\/wp-json\/wp\/v2\/pages\/33\/revisions"}],"predecessor-version":[{"id":529,"href":"https:\/\/infoextranjeriazaragoza.es\/index.php\/wp-json\/wp\/v2\/pages\/33\/revisions\/529"}],"wp:attachment":[{"href":"https:\/\/infoextranjeriazaragoza.es\/index.php\/wp-json\/wp\/v2\/media?parent=33"}],"curies":[{"name":"wp","href":"https:\/\/api.w.org\/{rel}","templated":true}]}}