{"id":38,"date":"2025-01-09T07:05:24","date_gmt":"2025-01-09T07:05:24","guid":{"rendered":"https:\/\/infoextranjeriazaragoza.es\/?page_id=38"},"modified":"2026-03-07T16:51:38","modified_gmt":"2026-03-07T16:51:38","slug":"divortul","status":"publish","type":"page","link":"https:\/\/infoextranjeriazaragoza.es\/index.php\/divortul\/","title":{"rendered":"Divortul"},"content":{"rendered":"\n<h1 class=\"wp-block-heading has-text-align-center has-accent-color has-text-color has-link-color has-large-font-size wp-elements-9a8c8d6228313a19a84be553bbe990cb\">Unde putem divor\u021ba?<\/h1>\n\n\n\n<h2 class=\"wp-block-heading has-text-align-center has-accent-color has-text-color has-link-color wp-elements-05688c6d999be25c023c353b50ebe031\">Acte necesare divor\u021b<\/h2>\n\n\n\n<p><\/p>\n\n\n\n<p><\/p>\n\n\n\n<div class=\"wp-block-columns is-layout-flex wp-container-core-columns-is-layout-9d6595d7 wp-block-columns-is-layout-flex\">\n<div class=\"wp-block-column is-layout-flow wp-block-column-is-layout-flow\">\n<figure class=\"wp-block-image size-full\"><img loading=\"lazy\" decoding=\"async\" width=\"640\" height=\"445\" src=\"https:\/\/infoextranjeriazaragoza.es\/wp-content\/uploads\/2025\/01\/divortul.jpg\" alt=\"\" class=\"wp-image-117\" srcset=\"https:\/\/infoextranjeriazaragoza.es\/wp-content\/uploads\/2025\/01\/divortul.jpg 640w, https:\/\/infoextranjeriazaragoza.es\/wp-content\/uploads\/2025\/01\/divortul-300x209.jpg 300w\" sizes=\"auto, (max-width: 640px) 100vw, 640px\" \/><\/figure>\n<\/div>\n\n\n\n<div class=\"wp-block-column is-layout-flow wp-block-column-is-layout-flow\">\n<div class=\"su-box su-box-style-default\" id=\"\" style=\"border-color:#0056bc;border-radius:15px;max-width:none\"><div class=\"su-box-title\" style=\"background-color:#2D89EF;color:#FFFFFF;border-top-left-radius:13px;border-top-right-radius:13px\"><\/div><div class=\"su-box-content su-u-clearfix su-u-trim\" style=\"border-bottom-left-radius:13px;border-bottom-right-radius:13px\">Durata de via\u0163\u0103 a unei rela\u0163ii \u00eentre doi oameni nu poate fi prestabilit\u0103 \u015fi fixat\u0103 prin ancore legale \u015fi religioase. Divortul, un episod din viata care poate fi cu adev\u0103rat dramatic, nu numai pentru consecin\u0163ele emo\u0163ionale, dar si pentru <strong>efectele lor juridice<\/strong>, \u00een special \u00een cazul \u00een care exist\u0103 copii la mijloc.<\/p>\n\n\n\n<p><strong>Ce se \u00eentampl\u0103 cu copii minori<\/strong>? Cine r\u0103m\u00e2ne cu casa? Sunt doar c\u00e2teva \u00eentrebari la care trebuie g\u0103sit r\u0103spunsul. Decizii profunde care sunt rezolvate \u00eentr-un moment foarte delicat pentru \u00centrebarea este, unde putem divor\u021ba?<\/p>\n\n\n\n<p>Cre\u0219terea mobilit\u0103\u021bii cet\u0103\u021benilor pe teritoriul Uniunii Europene a dus la un num\u0103r \u00een continu\u0103 cre\u0219tere a rela\u021biilor interna\u021bionale, astfel \u00eenc\u00e2t \u00eent\u00e2lnim tot mai <strong>frecvent c\u0103s\u0103torii \u00eentre cet\u0103\u021beni rom\u00e2ni.\u0219i str\u0103ini<\/strong>, care s-au c\u0103s\u0103torit \u00een Rom\u00e2nia sau \u00een Spania, cu na\u021bionalitate rom\u00e2n\u0103 sau unul de na\u021bionalitate rom\u00e2n\u0103 \u0219i cel\u0103lalt de na\u021bionalitate spaniol\u0103 ori unul dintre so\u021bi locuie\u0219te \u00een Rom\u00e2nia \u0219i cel\u0103lalt \u00een Spania.<\/p>\n\n\n\n<p><br>Locul c\u0103s\u0103toriei nu prezint\u0103 nici un impediment \u00een ce prive\u0219te legea aplicabil\u0103 divor\u021bului, dac\u0103 so\u021bii s-au c\u0103s\u0103torit \u00een Spania sau \u00een Rom\u00e2nia,la\u00a0divort\u00a0se \u021bine cont de cet\u0103\u021benia so\u021bilor ori domiciliul reclamantului, p\u00e2r\u00e2tului sau ultimul domiciliu comun al so\u021bilor, cu respectarea unor condi\u021bii. <\/div><\/div>\n<\/div>\n<\/div>\n\n\n\n<p><br>\u00cen Spania<strong> exist\u0103 urm\u0103toarele tipuri de divor\u021b<\/strong>: divor\u021bul de comun acord (c\u00e2nd exist\u0103 \u00een\u021belegere \u00eentre p\u0103r\u021bi) si cel contencios atunci c\u00e2nd exist\u0103 divergen\u021be \u00eentre p\u0103r\u021bi \u0219i este necesar\u0103 \u00eenterven\u021bia instan\u021bei pentru a solu\u021biona diferitele aspecte)<\/p>\n\n\n\n<h2 class=\"wp-block-heading has-text-align-center has-accent-color has-text-color has-link-color wp-elements-f886f1a13bcbd0b45532acb85a1ac3ae\">C\u00e2t cost\u0103 un divor\u021b \u00een Spania?<\/h2>\n\n\n\n<div class=\"su-box su-box-style-default\" id=\"\" style=\"border-color:#0056bc;border-radius:15px;max-width:none\"><div class=\"su-box-title\" style=\"background-color:#2D89EF;color:#FFFFFF;border-top-left-radius:13px;border-top-right-radius:13px\"><\/div><div class=\"su-box-content su-u-clearfix su-u-trim\" style=\"border-bottom-left-radius:13px;border-bottom-right-radius:13px\">\u00cen cazul unui divor\u021b de comun acord, procedura <strong>este mult mai rapid\u0103 \u0219i mai economic\u0103<\/strong>, deoarece ambele p\u0103r\u021bi coopereaz\u0103 pentru a ajunge la o \u00een\u021belegere.<br>\u00cen schimb, divor\u021bul contencios poate fi mai costisitor din cauza <strong>duratei mai lungi \u0219i a complexit\u0103\u021bii procedurii<\/strong>, deoarece implic\u0103 interven\u021bia instan\u021bei pentru a solu\u021biona disputele \u00eentre so\u021bi. <\/p>\n\n\n\n<p>Aspecte precum custodia copiilor, \u00eemp\u0103r\u021birea bunurilor \u0219i stabilirea pensiei alimentare sunt decise de judec\u0103tor, ceea ce poate prelungi procesul \u0219i implica costuri mai mari, inclusiv onorarii suplimentare pentru avoca\u021bi \u0219i taxe de judecat\u0103.<\/p>\n\n\n\n<p><br>De aceea, este mult mai convenabil pentru p\u0103r\u021bi s\u0103 ajung\u0103 la<strong> un acord amiabil<\/strong> (divor\u021b de comun acord). Procedura este mai simpl\u0103, mai rapid\u0103 \u0219i, \u00een general, implic\u0103 mai pu\u021bine resurse financiare \u0219i emo\u021bionale. Atunci c\u00e2nd so\u021bii pot colabora pentru a g\u0103si o solu\u021bie comun\u0103 privind aspectele cheie ale divor\u021bului, acest lucru nu doar c\u0103 reduce costurile, dar contribuie \u0219i la men\u021binerea unui climat mai pu\u021bin conflictual, mai ales dac\u0103 exist\u0103 copii implica\u021bi.<\/p>\n\n\n\n<p><br>Un divor\u021b de comun acord permite so\u021bilor s\u0103 <strong>controleze mai bine termenii divor\u021bului<\/strong>, evit\u00e2nd tensiunile \u0219i incertitudinile unui proces lung \u0219i dificil. Este, \u00een cele mai multe cazuri, cea mai avantajoas\u0103 solu\u021bie at\u00e2t din punct de vedere financiar, c\u00e2t \u0219i personal.<\/div><\/div>\n\n\n\n<h2 class=\"wp-block-heading has-text-align-center has-accent-color has-text-color has-link-color wp-elements-60695756963a1513f1628e53148e8ff7\">Acte necesare pentru divort.<\/h2>\n\n\n\n<div class=\"su-box su-box-style-default\" id=\"\" style=\"border-color:#0056bc;border-radius:15px;max-width:none\"><div class=\"su-box-title\" style=\"background-color:#2D89EF;color:#FFFFFF;border-top-left-radius:13px;border-top-right-radius:13px\"><\/div><div class=\"su-box-content su-u-clearfix su-u-trim\" style=\"border-bottom-left-radius:13px;border-bottom-right-radius:13px\">Pentru a \u00eencepe procesul de divor\u021b, va trebui s\u0103 preg\u0103ti\u021bi anumite documente, cum ar fi <strong>certificatul de c\u0103s\u0103torie, de na\u0219tere al copiilor<\/strong> (dac\u0103 este cazul), \u0219i documentele privind bunurile comune \u00een cazul \u00een care se dore\u0219te s\u0103 se efectueze lichidarea regimului matrimonial. De asemenea, toate documentele se depun \u00een original \u00eenso\u021bite de traducerea lor legalizat\u0103. Hot\u0103r\u00e2rile privind divor\u0163ul sau separarea legal\u0103 pronun\u0163ate \u00een Spania trebuie recunoscute \u00een Rom\u00e2nia.<\/p>\n\n\n\n<p><br>Dac\u0103 a\u021bi decis s\u0103 \u00eenainta\u021bi cererea de divort, suna\u021bi-ne, indiferent de tipul divor\u021b, este esen\u021bial s\u0103 beneficia\u021bi de <strong>consiliere juridic\u0103 adecvat\u0103<\/strong> pentru a \u00een\u021belege toate implica\u021biile legale ale procesului, inclusiv recunoa\u0219terea hot\u0103r\u00e2rilor \u00een Rom\u00e2nia. Cabinetul nostru de<br>avocatur\u0103, condus de Alina Manuela Sasu, v\u0103 ofer\u0103 sprijinul necesar pentru a naviga prin toate etapele divo\u021bului, av\u021b\u00e2nd grij\u0103 nu doar de aspectele juridice, ci \u0219i de cele personale.<\/div><\/div>\n\n\n\n<h2 class=\"wp-block-heading has-text-align-center has-accent-color has-text-color has-link-color wp-elements-23f1a4dba13838992ac1dbcffe063588\">Este posibil s\u0103 divor\u021b\u0103m la Consulatul Rom\u00e2niei din Spania?<\/h2>\n\n\n\n<p><strong>Divor\u021bul nu poate fi finalizat direct la Consulatul Rom\u00e2niei<\/strong> din Spania, deoarece consulatele nu au competen\u021ba de a pronun\u021ba hot\u0103r\u00e2ri de divor\u021b. Pentru finalizarea procesului, este necesar s\u0103 apela\u021bi la o instan\u021b\u0103 judec\u0103toreasc\u0103 din Spania sau Rom\u00e2nia, \u00een func\u021bie de situa\u021bia specific\u0103.<\/p>\n\n\n\n<p><br><\/p>\n\n\n<div class=\"su-button-center\"><a href=\"https:\/\/infoextranjeriazaragoza.es\/index.php\/contacto\/\" class=\"su-button su-button-style-default\" style=\"color:#FFFFFF;background-color:#2D89EF;border-color:#246ec0;border-radius:11px\" target=\"_self\"><span style=\"color:#FFFFFF;padding:0px 28px;font-size:21px;line-height:42px;border-color:#6cadf4;border-radius:11px;text-shadow:none\"> Completa\u021bi formularul pentru a contacta cu noi.<\/span><\/a><\/div>\n\n\n\n<p><\/p>\n\n\n\n<p class=\"has-text-align-center has-accent-color has-text-color has-link-color has-medium-font-size wp-elements-12aa5cedf31fe6b7a0cebfdea03b2902\">Dac\u0103 v\u0103 este mai simplu, ne pute\u021bi g\u0103si la telefon +34 606 01 20 96<\/p>\n\n\n\n<p><\/p>\n","protected":false},"excerpt":{"rendered":"<p>Unde putem divor\u021ba? Acte necesare divor\u021b \u00cen Spania exist\u0103 urm\u0103toarele tipuri de divor\u021b: divor\u021bul de comun acord (c\u00e2nd exist\u0103 \u00een\u021belegere \u00eentre p\u0103r\u021bi) si cel contencios atunci c\u00e2nd exist\u0103 divergen\u021be \u00eentre p\u0103r\u021bi \u0219i este necesar\u0103 \u00eenterven\u021bia instan\u021bei pentru a solu\u021biona diferitele aspecte) C\u00e2t cost\u0103 un divor\u021b \u00een Spania? Acte necesare pentru divort. Este posibil s\u0103 divor\u021b\u0103m &#8230; <a title=\"Divortul\" class=\"read-more\" href=\"https:\/\/infoextranjeriazaragoza.es\/index.php\/divortul\/\" aria-label=\"Leer m\u00e1s sobre Divortul\">Leer m\u00e1s<\/a><\/p>\n","protected":false},"author":1,"featured_media":0,"parent":0,"menu_order":0,"comment_status":"closed","ping_status":"closed","template":"","meta":{"footnotes":""},"class_list":["post-38","page","type-page","status-publish"],"_links":{"self":[{"href":"https:\/\/infoextranjeriazaragoza.es\/index.php\/wp-json\/wp\/v2\/pages\/38","targetHints":{"allow":["GET"]}}],"collection":[{"href":"https:\/\/infoextranjeriazaragoza.es\/index.php\/wp-json\/wp\/v2\/pages"}],"about":[{"href":"https:\/\/infoextranjeriazaragoza.es\/index.php\/wp-json\/wp\/v2\/types\/page"}],"author":[{"embeddable":true,"href":"https:\/\/infoextranjeriazaragoza.es\/index.php\/wp-json\/wp\/v2\/users\/1"}],"replies":[{"embeddable":true,"href":"https:\/\/infoextranjeriazaragoza.es\/index.php\/wp-json\/wp\/v2\/comments?post=38"}],"version-history":[{"count":8,"href":"https:\/\/infoextranjeriazaragoza.es\/index.php\/wp-json\/wp\/v2\/pages\/38\/revisions"}],"predecessor-version":[{"id":504,"href":"https:\/\/infoextranjeriazaragoza.es\/index.php\/wp-json\/wp\/v2\/pages\/38\/revisions\/504"}],"wp:attachment":[{"href":"https:\/\/infoextranjeriazaragoza.es\/index.php\/wp-json\/wp\/v2\/media?parent=38"}],"curies":[{"name":"wp","href":"https:\/\/api.w.org\/{rel}","templated":true}]}}