{"id":43,"date":"2025-01-09T07:18:33","date_gmt":"2025-01-09T07:18:33","guid":{"rendered":"https:\/\/infoextranjeriazaragoza.es\/?page_id=43"},"modified":"2025-09-28T11:07:59","modified_gmt":"2025-09-28T11:07:59","slug":"residencia","status":"publish","type":"page","link":"https:\/\/infoextranjeriazaragoza.es\/index.php\/residencia\/","title":{"rendered":"Residencia"},"content":{"rendered":"\n<h1 class=\"wp-block-heading has-text-align-center has-accent-color has-text-color has-link-color has-large-font-size wp-elements-acfdde0fc3d483b02ded53f1d08a66ec\">Permiso de residencia en Espa\u00f1a<\/h1>\n\n\n\n<h2 class=\"wp-block-heading has-text-align-center has-accent-color has-text-color has-link-color has-medium-font-size wp-elements-bcab2f581dcba20d6a89226576b0cc73\">El permiso de residencia tambi\u00e9n se puede conseguir por arraigo<\/h2>\n\n\n\n<div class=\"wp-block-columns is-layout-flex wp-container-core-columns-is-layout-9d6595d7 wp-block-columns-is-layout-flex\">\n<div class=\"wp-block-column is-layout-flow wp-block-column-is-layout-flow\">\n<div class=\"su-box su-box-style-default\" id=\"\" style=\"border-color:#0056bc;border-radius:15px;max-width:none\"><div class=\"su-box-title\" style=\"background-color:#2D89EF;color:#FFFFFF;border-top-left-radius:13px;border-top-right-radius:13px\"><\/div><div class=\"su-box-content su-u-clearfix su-u-trim\" style=\"border-bottom-left-radius:13px;border-bottom-right-radius:13px\">Voy a ir a Espa\u00f1a \u00bfnecesito tener un permiso de residencia? L\u00f3gicamente, no lo necesito para unas vacaciones. Pero \u00bfy si quiero tener una estancia m\u00e1s larga? Si la estancia es inferior a tres meses, no es necesario, pero s\u00ed para estancias que superen ese tiempo.<\/p>\n\n\n\n<p>Si soy ciudadano de la Uni\u00f3n Europea o de pa\u00edses adscritos al Acuerdo sobre el Espacio Econ\u00f3mico Europeo y voy a permanecer en Espa\u00f1a m\u00e1s de tres meses, tengo que solicitar el permiso de residencia.<\/p>\n\n\n\n<p>Tambi\u00e9n es posible obtener la&nbsp;residencia permanente, siempre que se cumplan determinados requisitos.<\/p>\n\n\n\n<p>Si no te hayas en el anterior supuesto, necesitar\u00e1s un&nbsp;visado, una carta de invitaci\u00f3n o ambas, dependiendo de tu pa\u00eds de origen, adem\u00e1s de acreditar que tienes la solvencia econ\u00f3mica suficiente para mantenerte.<\/div><\/div>\n<\/div>\n\n\n\n<div class=\"wp-block-column is-layout-flow wp-block-column-is-layout-flow\">\n<figure class=\"wp-block-image size-full\"><img loading=\"lazy\" decoding=\"async\" width=\"640\" height=\"427\" src=\"https:\/\/infoextranjeriazaragoza.es\/wp-content\/uploads\/2025\/01\/residencia.jpg\" alt=\"Permiso de residencia\" class=\"wp-image-112\" srcset=\"https:\/\/infoextranjeriazaragoza.es\/wp-content\/uploads\/2025\/01\/residencia.jpg 640w, https:\/\/infoextranjeriazaragoza.es\/wp-content\/uploads\/2025\/01\/residencia-300x200.jpg 300w\" sizes=\"auto, (max-width: 640px) 100vw, 640px\" \/><\/figure>\n<\/div>\n<\/div>\n\n\n\n<p><br>El permiso de residencia, tambi\u00e9n se puede conseguir por&nbsp;arraigo, pudiendo ser \u00e9ste, de <strong>car\u00e1cter laboral, social o familiar<\/strong>, debiendo de cumplirse, tambi\u00e9n para estos casos, los requisitos que nos soliciten.<\/p>\n\n\n\n<p><br>La legislaci\u00f3n espa\u00f1ola, tambi\u00e9n contempla diferentes situaciones&nbsp;excepcionales. Nosotros, estudiamos tu caso, y te indicamos cu\u00e1l es el m\u00e1s adecuado para tus circunstancias, acompa\u00f1\u00e1ndote en todos los tr\u00e1mites, y haciendo seguimiento de tu expediente de extranjer\u00eda.<\/p>\n\n\n\n<p><\/p>\n\n\n<div class=\"su-button-center\"><a href=\"https:\/\/infoextranjeriazaragoza.es\/index.php\/contacto\/\" class=\"su-button su-button-style-default\" style=\"color:#FFFFFF;background-color:#2D89EF;border-color:#246ec0;border-radius:11px\" target=\"_self\"><span style=\"color:#FFFFFF;padding:0px 28px;font-size:21px;line-height:42px;border-color:#6cadf4;border-radius:11px;text-shadow:none\"> Quiero solicitar una cita con vosotros<\/span><\/a><\/div>\n\n\n\n<p><\/p>\n\n\n\n<p>Vamos a hacer un an\u00e1lisis m\u00e1s en profundidad sobre el permiso de residencia en Espa\u00f1a. Acomp\u00e1\u00f1anos.<\/p>\n\n\n\n<h2 class=\"wp-block-heading has-text-align-center has-accent-color has-text-color has-link-color has-large-font-size wp-elements-aeceb919e2ea142999d285a2280d0bb3\">Tipos de permiso de residencia en Espa\u00f1a<\/h2>\n\n\n\n<p>En Espa\u00f1a, existen varios tipos de permisos de residencia disponibles para los extranjeros. El m\u00e1s com\u00fan es el <strong>Permiso de Residencia Temporal,<\/strong> que permite a los individuos vivir y trabajar en el pa\u00eds durante un periodo de tiempo determinado. Este tipo de permiso suele ser v\u00e1lido por un m\u00e1ximo de dos a\u00f1os, y puede renovarse dos veces, por dos a\u00f1os adicionales cada vez.<\/p>\n\n\n\n<div class=\"wp-block-columns is-layout-flex wp-container-core-columns-is-layout-9d6595d7 wp-block-columns-is-layout-flex\">\n<div class=\"wp-block-column is-layout-flow wp-block-column-is-layout-flow\">\n<figure class=\"wp-block-image size-large\"><img loading=\"lazy\" decoding=\"async\" width=\"1024\" height=\"683\" src=\"https:\/\/infoextranjeriazaragoza.es\/wp-content\/uploads\/2025\/01\/persona-permiso-residencia-1024x683.jpg\" alt=\"Persona obtiene permiso de residencia\" class=\"wp-image-207\" srcset=\"https:\/\/infoextranjeriazaragoza.es\/wp-content\/uploads\/2025\/01\/persona-permiso-residencia-1024x683.jpg 1024w, https:\/\/infoextranjeriazaragoza.es\/wp-content\/uploads\/2025\/01\/persona-permiso-residencia-300x200.jpg 300w, https:\/\/infoextranjeriazaragoza.es\/wp-content\/uploads\/2025\/01\/persona-permiso-residencia-768x512.jpg 768w, https:\/\/infoextranjeriazaragoza.es\/wp-content\/uploads\/2025\/01\/persona-permiso-residencia-1536x1024.jpg 1536w, https:\/\/infoextranjeriazaragoza.es\/wp-content\/uploads\/2025\/01\/persona-permiso-residencia-2048x1365.jpg 2048w\" sizes=\"auto, (max-width: 1024px) 100vw, 1024px\" \/><\/figure>\n<\/div>\n\n\n\n<div class=\"wp-block-column is-layout-flow wp-block-column-is-layout-flow\">\n<div class=\"su-box su-box-style-default\" id=\"\" style=\"border-color:#0056bc;border-radius:15px;max-width:none\"><div class=\"su-box-title\" style=\"background-color:#2D89EF;color:#FFFFFF;border-top-left-radius:13px;border-top-right-radius:13px\"><\/div><div class=\"su-box-content su-u-clearfix su-u-trim\" style=\"border-bottom-left-radius:13px;border-bottom-right-radius:13px\">Otro tipo com\u00fan de permiso de residencia en Espa\u00f1a es el <strong>Permiso de Residencia Permanente<\/strong>, que permite a los individuos vivir y trabajar en el pa\u00eds indefinidamente.<\/p>\n\n\n\n<p>Para obtener un Permiso de Residencia Permanente, las personas deben haber vivido legalmente en Espa\u00f1a durante al menos cinco a\u00f1os, y deben cumplir ciertos requisitos adicionales.<\/p>\n\n\n\n<p>Tambi\u00e9n existen Permisos de Residencia Especiales en Espa\u00f1a, que se conceden a las personas que cumplen ciertos criterios. Estos criterios incluyen a las personas que han trabajado anteriormente para el gobierno espa\u00f1ol, o las que tienen un determinado nivel de inversi\u00f3n financiera o inmobiliaria en el pa\u00eds. <\/div><\/div>\n<\/div>\n<\/div>\n\n\n\n<p><\/p>\n\n\n\n<h2 class=\"wp-block-heading has-text-align-center has-accent-color has-text-color has-link-color wp-elements-2d9bee19f6511b987d79f9fb818e0774\">Permiso de Residencia por Reagrupaci\u00f3n Familiar<\/h2>\n\n\n\n<p>\u00bfTienes pensado trasladarte a Espa\u00f1a para estar con un familiar? En este caso, puedes solicitar un permiso de residencia por reagrupaci\u00f3n familiar. Para tener derecho, tendr\u00e1s que venir a Espa\u00f1a para reunirte con tu c\u00f3nyuge, un hijo sobre el que tengas autoridad parental o que sea menor de edad, o un menor o pariente dependiente. Puede tardar unas semanas en aprobarse este tipo de permiso de residencia.<\/p>\n\n\n\n<h2 class=\"wp-block-heading has-text-align-center has-accent-color has-text-color has-link-color wp-elements-8f86dec08ea62aed86f8312ad3323459\">Visado de estudiante<\/h2>\n\n\n\n<p>Si planeas venir a Espa\u00f1a a estudiar, <strong>necesitar\u00e1s solicitar un visado de estudiante<\/strong>. Tanto si vienes a estudiar unos meses como a cursar un ciclo formativo, necesitar\u00e1s solicitar un visado de estudiante antes de venir a Espa\u00f1a. En la mayor\u00eda de los casos, tambi\u00e9n necesitar\u00e1s una carta de aceptaci\u00f3n de un centro educativo espa\u00f1ol.<\/p>\n\n\n\n<h2 class=\"wp-block-heading has-text-align-center has-accent-color has-text-color has-link-color wp-elements-bdc846ce29c52decef79da2a134e0be0\">Permiso de residencia para trabajadores<\/h2>\n\n\n\n<div class=\"su-box su-box-style-default\" id=\"\" style=\"border-color:#0056bc;border-radius:15px;max-width:none\"><div class=\"su-box-title\" style=\"background-color:#2D89EF;color:#FFFFFF;border-top-left-radius:13px;border-top-right-radius:13px\"><\/div><div class=\"su-box-content su-u-clearfix su-u-trim\" style=\"border-bottom-left-radius:13px;border-bottom-right-radius:13px\">Existen distintos tipos de permisos de residencia para quienes deseen trasladarse a Espa\u00f1a para trabajar. Entre ellos se encuentra el <strong>permiso de residencia para personas con talento<\/strong> (tambi\u00e9n conocido como Tarjeta Azul), que est\u00e1 destinado a profesionales cualificados no pertenecientes a la UE. Tambi\u00e9n existen permisos de residencia espec\u00edficos para cada tipo de empleo. Deber\u00e1 presentar un contrato de trabajo, as\u00ed como pruebas de sus cualificaciones y certificados pertinentes, para solicitar un permiso de residencia para trabajadores.<\/div><\/div>\n\n\n\n<h2 class=\"wp-block-heading has-text-align-center has-accent-color has-text-color has-link-color wp-elements-6a9b65ea72bbf963c32d5aa3f3324bf9\">C\u00f3mo obtener un permiso de residencia en Espa\u00f1a<\/h2>\n\n\n\n<p><\/p>\n\n\n\n<div class=\"su-box su-box-style-default\" id=\"\" style=\"border-color:#0056bc;border-radius:15px;max-width:none\"><div class=\"su-box-title\" style=\"background-color:#2D89EF;color:#FFFFFF;border-top-left-radius:13px;border-top-right-radius:13px\"><\/div><div class=\"su-box-content su-u-clearfix su-u-trim\" style=\"border-bottom-left-radius:13px;border-bottom-right-radius:13px\">Para obtener un permiso de residencia en Espa\u00f1a, las personas <strong>deben cumplir ciertas condiciones y requisitos<\/strong>. Estos requisitos var\u00edan en funci\u00f3n del tipo de permiso solicitado, pero pueden incluir cosas como prueba de estabilidad financiera, prueba de seguro de salud y pasaporte v\u00e1lido.<\/p>\n\n\n\n<p>Tambi\u00e9n puede exigirse a los solicitantes que aporten otros documentos, como un certificado m\u00e9dico y un informe policial. Adem\u00e1s, las personas que soliciten un Permiso de Residencia tambi\u00e9n deben rellenar y presentar una solicitud y pagar una tasa de solicitud.<\/p>\n\n\n\n<p>Una vez que hayan cumplido todas las condiciones y requisitos necesarios, deber\u00e1n pasar por el proceso de solicitud. Este proceso suele suponer asistir a una entrevista en el consulado espa\u00f1ol local, facilitar datos biom\u00e9tricos y esperar la aprobaci\u00f3n de las autoridades competentes. <\/div><\/div>\n\n\n\n<p><\/p>\n\n\n<div class=\"su-button-center\"><a href=\"https:\/\/infoextranjeriazaragoza.es\/index.php\/contacto\/\" class=\"su-button su-button-style-default\" style=\"color:#FFFFFF;background-color:#2D89EF;border-color:#246ec0;border-radius:11px\" target=\"_self\"><span style=\"color:#FFFFFF;padding:0px 28px;font-size:21px;line-height:42px;border-color:#6cadf4;border-radius:11px;text-shadow:none\"> Contacta con nosotros<\/span><\/a><\/div>\n\n\n\n<p><\/p>\n\n\n\n<h2 class=\"wp-block-heading has-text-align-center has-accent-color has-text-color has-link-color wp-elements-da78575c1279cbd03c58389c26b0b165\">Tipos de arraigo<\/h2>\n\n\n\n<p><\/p>\n\n\n\n<p>Existen varios tipos de permisos de arraigo para los que una persona puede ser elegible en Espa\u00f1a, entre ellos el arraigo laboral, el arraigo social y el arraigo por razones humanitarias. El arraigo laboral es el que se otorga para aquellas personas que quieren trabajar en Espa\u00f1a suele concederse a las personas que llevan un periodo significativo residiendo en Espa\u00f1a y pueden demostrar su integraci\u00f3n en la sociedad local. El arraigo social, por su parte, suele concederse a quienes tienen familiares residiendo en Espa\u00f1a. Por \u00faltimo, el arraigo por razones humanitarias puede concederse a quienes corren peligro en su pa\u00eds de origen.<\/p>\n\n\n\n<h2 class=\"wp-block-heading has-text-align-center has-accent-color has-text-color has-link-color wp-elements-27c7f0fe7017bb83b0c569102233c8e6\">Requisitos<\/h2>\n\n\n\n<p>Para poder optar a un permiso de arraigo en Espa\u00f1a, una persona suele tener que cumplir los siguientes requisitos: tener al menos 18 a\u00f1os, <strong>tener un pasaporte v\u00e1lido<\/strong>, no tener antecedentes penales, tener un permiso de residencia v\u00e1lido o estar en proceso de obtenerlo y cumplir ciertos requisitos econ\u00f3micos. Adem\u00e1s, el solicitante tambi\u00e9n debe poder acreditar su aut\u00e9ntico v\u00ednculo con Espa\u00f1a, como el certificado de residencia, el de empleo o el de v\u00ednculos familiares.<\/p>\n\n\n\n<h2 class=\"wp-block-heading has-text-align-center has-accent-color has-text-color has-link-color wp-elements-cd2888d7510b085afb525a2562377d5f\">C\u00f3mo solicitarlo<\/h2>\n\n\n\n<p>Para solicitar un permiso de arraigo en Espa\u00f1a, el solicitante debe <strong>cumplimentar los formularios necesarios y presentar la documentaci\u00f3n pertinente<\/strong>. Esto puede incluir una copia de su pasaporte, pruebas de residencia, empleo y\/o v\u00ednculos familiares, y cualquier documento adicional que exijan las autoridades competentes. Una vez presentada la solicitud, normalmente se exige al interesado que asista a una entrevista con un funcionario para hablar de su caso. Si se aprueba, se conceder\u00e1 un permiso de residencia y el permiso de arraigo ser\u00e1 v\u00e1lido normalmente por un a\u00f1o.<\/p>\n\n\n\n<p><\/p>\n\n\n<div class=\"su-button-center\"><a href=\"https:\/\/infoextranjeriazaragoza.es\/index.php\/contacto\/\" class=\"su-button su-button-style-default\" style=\"color:#FFFFFF;background-color:#2D89EF;border-color:#246ec0;border-radius:11px\" target=\"_self\"><span style=\"color:#FFFFFF;padding:0px 28px;font-size:21px;line-height:42px;border-color:#6cadf4;border-radius:11px;text-shadow:none\"> Contacta con nosotros<\/span><\/a><\/div>\n","protected":false},"excerpt":{"rendered":"<p>Permiso de residencia en Espa\u00f1a El permiso de residencia tambi\u00e9n se puede conseguir por arraigo El permiso de residencia, tambi\u00e9n se puede conseguir por&nbsp;arraigo, pudiendo ser \u00e9ste, de car\u00e1cter laboral, social o familiar, debiendo de cumplirse, tambi\u00e9n para estos casos, los requisitos que nos soliciten. La legislaci\u00f3n espa\u00f1ola, tambi\u00e9n contempla diferentes situaciones&nbsp;excepcionales. Nosotros, estudiamos tu &#8230; <a title=\"Residencia\" class=\"read-more\" href=\"https:\/\/infoextranjeriazaragoza.es\/index.php\/residencia\/\" aria-label=\"Leer m\u00e1s sobre Residencia\">Leer m\u00e1s<\/a><\/p>\n","protected":false},"author":1,"featured_media":0,"parent":0,"menu_order":0,"comment_status":"closed","ping_status":"closed","template":"","meta":{"footnotes":""},"class_list":["post-43","page","type-page","status-publish"],"_links":{"self":[{"href":"https:\/\/infoextranjeriazaragoza.es\/index.php\/wp-json\/wp\/v2\/pages\/43","targetHints":{"allow":["GET"]}}],"collection":[{"href":"https:\/\/infoextranjeriazaragoza.es\/index.php\/wp-json\/wp\/v2\/pages"}],"about":[{"href":"https:\/\/infoextranjeriazaragoza.es\/index.php\/wp-json\/wp\/v2\/types\/page"}],"author":[{"embeddable":true,"href":"https:\/\/infoextranjeriazaragoza.es\/index.php\/wp-json\/wp\/v2\/users\/1"}],"replies":[{"embeddable":true,"href":"https:\/\/infoextranjeriazaragoza.es\/index.php\/wp-json\/wp\/v2\/comments?post=43"}],"version-history":[{"count":10,"href":"https:\/\/infoextranjeriazaragoza.es\/index.php\/wp-json\/wp\/v2\/pages\/43\/revisions"}],"predecessor-version":[{"id":536,"href":"https:\/\/infoextranjeriazaragoza.es\/index.php\/wp-json\/wp\/v2\/pages\/43\/revisions\/536"}],"wp:attachment":[{"href":"https:\/\/infoextranjeriazaragoza.es\/index.php\/wp-json\/wp\/v2\/media?parent=43"}],"curies":[{"name":"wp","href":"https:\/\/api.w.org\/{rel}","templated":true}]}}