{"id":47,"date":"2025-01-09T07:17:10","date_gmt":"2025-01-09T07:17:10","guid":{"rendered":"https:\/\/infoextranjeriazaragoza.es\/?page_id=47"},"modified":"2025-09-26T07:56:52","modified_gmt":"2025-09-26T07:56:52","slug":"recunoasterea","status":"publish","type":"page","link":"https:\/\/infoextranjeriazaragoza.es\/index.php\/recunoasterea\/","title":{"rendered":"Recunoa\u0219terea"},"content":{"rendered":"\n<h1 class=\"wp-block-heading has-text-align-center has-accent-color has-text-color has-link-color has-large-font-size wp-elements-647460666f53a62af2ebd2c6072086fc\">Recunoa\u0219terea hot\u0103r\u00e2rilor str\u0103ine \u00een Rom\u00e2nia<\/h1>\n\n\n\n<p><\/p>\n\n\n\n<div class=\"wp-block-columns is-layout-flex wp-container-core-columns-is-layout-9d6595d7 wp-block-columns-is-layout-flex\">\n<div class=\"wp-block-column is-layout-flow wp-block-column-is-layout-flow\">\n<figure class=\"wp-block-image size-full\"><img loading=\"lazy\" decoding=\"async\" width=\"640\" height=\"325\" src=\"https:\/\/infoextranjeriazaragoza.es\/wp-content\/uploads\/2025\/01\/recunoasterea.jpg\" alt=\"Recunoasterea\" class=\"wp-image-113\" srcset=\"https:\/\/infoextranjeriazaragoza.es\/wp-content\/uploads\/2025\/01\/recunoasterea.jpg 640w, https:\/\/infoextranjeriazaragoza.es\/wp-content\/uploads\/2025\/01\/recunoasterea-300x152.jpg 300w\" sizes=\"auto, (max-width: 640px) 100vw, 640px\" \/><\/figure>\n<\/div>\n\n\n\n<div class=\"wp-block-column is-layout-flow wp-block-column-is-layout-flow\">\n<div class=\"su-box su-box-style-default\" id=\"\" style=\"border-color:#0056bc;border-radius:15px;max-width:none\"><div class=\"su-box-title\" style=\"background-color:#2D89EF;color:#FFFFFF;border-top-left-radius:13px;border-top-right-radius:13px\"><\/div><div class=\"su-box-content su-u-clearfix su-u-trim\" style=\"border-bottom-left-radius:13px;border-bottom-right-radius:13px\">A\u021bi ob\u021binut custodia asupra copiilor, a\u021bi divor\u021bat \u00een Spania? Trebuie s\u0103 \u0219tii\u021bi c\u0103 <strong>aceaste hot\u0103r\u00e2ri trebuie recunoscute \u00een Rom\u00e2nia<\/strong>. Procedura privind recunoa\u0219terea \u0219i punerea \u00een executare a hot\u0103r\u00e2rilor judec\u0103tore\u0219ti pronun\u021bate \u00een statele membre ale Uniunii Euopene este prev\u0103zut\u0103 de reglement\u0103ri cu aplicabilitate direct\u0103 \u00een statele membre.<\/p>\n\n\n\n<p>Dac\u0103 a\u021bi ob\u021binut custodia exclusiv\u0103 \u00een Spania iar aceeast\u0103 hot\u0103r\u00e2re a instan\u021belor spaniole nu este recunoscut\u0103 \u00een Rom\u00e2nia \u0219i ve\u021bi merge la autorit\u0103\u021bile rom\u00e2ne de pe teritoriul Spaniei pentru renovarea sau\u00a0eliberarea unui nou pa\u0219aport\u00a0copii sau a c\u0103r\u021bii de identitate, documentele solicitate vi se vor elibera doar dac\u0103<strong>\u00a0prezenta\u021bi hot\u0103r\u00e2rea recunoscut\u0103 \u00een Rom\u00e2nia<\/strong>.<\/p>\n\n\n\n<p>Pentru ca o hot\u0103t\u00e2re str\u0103in\u0103 s\u0103 fie recunoscut\u0103 \u00een Rom\u00e2nia, aceasta trebuie s\u0103 fie definitiv\u0103.<br>Prin recunoa\u015ftere, hot\u0103r\u00e2rea judec\u0103toreasc\u0103 str\u0103in\u0103 beneficiaz\u0103 \u00een Rom\u00e2nia de autoritate de lucru judecat, \u00eentocmai ca o hot\u0103r\u00e2re judec\u0103toreasc\u0103 rom\u00e2n\u0103.<\/p>\n\n\n\n<\/div><\/div>\n<\/div>\n<\/div>\n\n\n\n<p><br><br><\/p>\n\n\n<div class=\"su-button-center\"><a href=\"https:\/\/infoextranjeriazaragoza.es\/index.php\/contacto\/\" class=\"su-button su-button-style-default\" style=\"color:#FFFFFF;background-color:#2D89EF;border-color:#246ec0;border-radius:11px\" target=\"_self\"><span style=\"color:#FFFFFF;padding:0px 28px;font-size:21px;line-height:42px;border-color:#6cadf4;border-radius:11px;text-shadow:none\"> Completa\u021bi formularul pentru a contacta cu noi.<\/span><\/a><\/div>\n\n\n\n<p class=\"has-text-align-center has-accent-color has-text-color has-link-color has-medium-font-size wp-elements-cd779470f2b2eabc23bf88c55a7f6ef9\">Sau suna\u021bi-ne f\u0103r\u0103 nici un compromis +34 606 01 20 96<\/p>\n","protected":false},"excerpt":{"rendered":"<p>Recunoa\u0219terea hot\u0103r\u00e2rilor str\u0103ine \u00een Rom\u00e2nia Sau suna\u021bi-ne f\u0103r\u0103 nici un compromis +34 606 01 20 96<\/p>\n","protected":false},"author":1,"featured_media":0,"parent":0,"menu_order":0,"comment_status":"closed","ping_status":"closed","template":"","meta":{"footnotes":""},"class_list":["post-47","page","type-page","status-publish"],"_links":{"self":[{"href":"https:\/\/infoextranjeriazaragoza.es\/index.php\/wp-json\/wp\/v2\/pages\/47","targetHints":{"allow":["GET"]}}],"collection":[{"href":"https:\/\/infoextranjeriazaragoza.es\/index.php\/wp-json\/wp\/v2\/pages"}],"about":[{"href":"https:\/\/infoextranjeriazaragoza.es\/index.php\/wp-json\/wp\/v2\/types\/page"}],"author":[{"embeddable":true,"href":"https:\/\/infoextranjeriazaragoza.es\/index.php\/wp-json\/wp\/v2\/users\/1"}],"replies":[{"embeddable":true,"href":"https:\/\/infoextranjeriazaragoza.es\/index.php\/wp-json\/wp\/v2\/comments?post=47"}],"version-history":[{"count":6,"href":"https:\/\/infoextranjeriazaragoza.es\/index.php\/wp-json\/wp\/v2\/pages\/47\/revisions"}],"predecessor-version":[{"id":533,"href":"https:\/\/infoextranjeriazaragoza.es\/index.php\/wp-json\/wp\/v2\/pages\/47\/revisions\/533"}],"wp:attachment":[{"href":"https:\/\/infoextranjeriazaragoza.es\/index.php\/wp-json\/wp\/v2\/media?parent=47"}],"curies":[{"name":"wp","href":"https:\/\/api.w.org\/{rel}","templated":true}]}}